{"id":2,"date":"2019-09-09T23:07:57","date_gmt":"2019-09-09T21:07:57","guid":{"rendered":"https:\/\/umerestaurant.ch\/epalinges\/?page_id=2"},"modified":"2025-12-28T20:09:30","modified_gmt":"2025-12-28T19:09:30","slug":"restaurant-japonais","status":"publish","type":"page","link":"https:\/\/umerestaurant.ch\/epalinges\/","title":{"rendered":"&nbsp;"},"content":{"rendered":"\t\t<div data-elementor-type=\"wp-post\" data-elementor-id=\"2\" class=\"elementor elementor-2\">\n\t\t\t\t\t\t<section class=\"elementor-section elementor-top-section elementor-element elementor-element-535da735 elementor-section-boxed elementor-section-height-default elementor-section-height-default\" data-id=\"535da735\" data-element_type=\"section\">\n\t\t\t\t\t\t<div class=\"elementor-container elementor-column-gap-default\">\n\t\t\t\t\t<div class=\"elementor-column elementor-col-100 elementor-top-column elementor-element elementor-element-4d53ff8d\" data-id=\"4d53ff8d\" data-element_type=\"column\">\n\t\t\t<div class=\"elementor-widget-wrap elementor-element-populated\">\n\t\t\t\t\t\t<div class=\"elementor-element elementor-element-68a3d242 elementor-widget elementor-widget-text-editor\" data-id=\"68a3d242\" data-element_type=\"widget\" data-widget_type=\"text-editor.default\">\n\t\t\t\t<div class=\"elementor-widget-container\">\n\t\t\t\t\t\t\t\t\t<p>Suite au succ\u00e8s rencontr\u00e9 par le restaurant UME \u00e0 Chexbres, ouvert en 2012, nous avons le plaisir d&rsquo;annoncer l&rsquo;ouverture de notre deuxi\u00e8me restaurant \u00e0 Epalinges, route de Berne 285.<\/p><p>Situ\u00e9 \u00e0 quelques minutes de l&rsquo;Ecole h\u00f4teli\u00e8re de Lausanne (EHL), le restaurant est \u00e9galement accessible avec le bus 45. Le restaurant offre deux grandes salles dans un cadre contemporain, spacieux et lumineux, une terrasse, un grand parking priv\u00e9 et le wifi.<\/p><p>Nous proposons \u00e9galement des plats v\u00e9g\u00e9tariens, sans lactose, ni gluten.<\/p><p>Vous avez la possibilit\u00e9 de prendre \u00e0 l&rsquo;<span style=\"color: #008000;\"><strong>emporter et de profiter d&rsquo;un rabais de 10%<\/strong><\/span>, hors offres du midi.<\/p><p><span style=\"color: #ff6600;\"><em><b>Des bons cadeaux sont \u00e9galement disponibles selon vos souhaits. Adressez vous \u00e0 notre \u00e9quipe.<\/b><\/em><\/span><\/p><p><!-- \/wp:paragraph --><\/p>\t\t\t\t\t\t\t\t<\/div>\n\t\t\t\t<\/div>\n\t\t\t\t\t<\/div>\n\t\t<\/div>\n\t\t\t\t\t<\/div>\n\t\t<\/section>\n\t\t\t\t<section class=\"elementor-section elementor-top-section elementor-element elementor-element-4e14cb5 elementor-section-boxed elementor-section-height-default elementor-section-height-default\" data-id=\"4e14cb5\" data-element_type=\"section\">\n\t\t\t\t\t\t<div class=\"elementor-container elementor-column-gap-default\">\n\t\t\t\t\t<div class=\"elementor-column elementor-col-100 elementor-top-column elementor-element elementor-element-bdec8bd\" data-id=\"bdec8bd\" data-element_type=\"column\">\n\t\t\t<div class=\"elementor-widget-wrap elementor-element-populated\">\n\t\t\t\t\t\t<div class=\"elementor-element elementor-element-5473cd4 elementor-align-center elementor-widget elementor-widget-button\" data-id=\"5473cd4\" data-element_type=\"widget\" data-widget_type=\"button.default\">\n\t\t\t\t<div class=\"elementor-widget-container\">\n\t\t\t\t\t\t\t\t\t<div class=\"elementor-button-wrapper\">\n\t\t\t\t\t<a class=\"elementor-button elementor-button-link elementor-size-md\" href=\"https:\/\/www.instagram.com\/umerestaurants\">\n\t\t\t\t\t\t<span class=\"elementor-button-content-wrapper\">\n\t\t\t\t\t\t<span class=\"elementor-button-icon\">\n\t\t\t\t<i aria-hidden=\"true\" class=\"fab fa-instagram\"><\/i>\t\t\t<\/span>\n\t\t\t\t\t\t\t\t\t<span class=\"elementor-button-text\">Instagram<\/span>\n\t\t\t\t\t<\/span>\n\t\t\t\t\t<\/a>\n\t\t\t\t<\/div>\n\t\t\t\t\t\t\t\t<\/div>\n\t\t\t\t<\/div>\n\t\t\t\t\t<\/div>\n\t\t<\/div>\n\t\t\t\t\t<\/div>\n\t\t<\/section>\n\t\t\t\t<section class=\"elementor-section elementor-top-section elementor-element elementor-element-151b5fc elementor-section-boxed elementor-section-height-default elementor-section-height-default\" data-id=\"151b5fc\" data-element_type=\"section\">\n\t\t\t\t\t\t<div class=\"elementor-container elementor-column-gap-default\">\n\t\t\t\t\t<div class=\"elementor-column elementor-col-100 elementor-top-column elementor-element elementor-element-9715999\" data-id=\"9715999\" data-element_type=\"column\">\n\t\t\t<div class=\"elementor-widget-wrap elementor-element-populated\">\n\t\t\t\t\t\t<div class=\"elementor-element elementor-element-3a6ff97 elementor-align-center elementor-widget elementor-widget-button\" data-id=\"3a6ff97\" data-element_type=\"widget\" data-widget_type=\"button.default\">\n\t\t\t\t<div class=\"elementor-widget-container\">\n\t\t\t\t\t\t\t\t\t<div class=\"elementor-button-wrapper\">\n\t\t\t\t\t<a class=\"elementor-button elementor-button-link elementor-size-sm\" href=\"https:\/\/www.facebook.com\/umerestaurantchexbres\">\n\t\t\t\t\t\t<span class=\"elementor-button-content-wrapper\">\n\t\t\t\t\t\t<span class=\"elementor-button-icon\">\n\t\t\t\t<i aria-hidden=\"true\" class=\"fab fa-facebook\"><\/i>\t\t\t<\/span>\n\t\t\t\t\t\t\t\t\t<span class=\"elementor-button-text\">Facebook<\/span>\n\t\t\t\t\t<\/span>\n\t\t\t\t\t<\/a>\n\t\t\t\t<\/div>\n\t\t\t\t\t\t\t\t<\/div>\n\t\t\t\t<\/div>\n\t\t\t\t\t<\/div>\n\t\t<\/div>\n\t\t\t\t\t<\/div>\n\t\t<\/section>\n\t\t\t\t<section class=\"elementor-section elementor-top-section elementor-element elementor-element-427e32d elementor-section-boxed elementor-section-height-default elementor-section-height-default\" data-id=\"427e32d\" data-element_type=\"section\">\n\t\t\t\t\t\t<div class=\"elementor-container elementor-column-gap-default\">\n\t\t\t\t\t<div class=\"elementor-column elementor-col-100 elementor-top-column elementor-element elementor-element-77a5fc3\" data-id=\"77a5fc3\" data-element_type=\"column\">\n\t\t\t<div class=\"elementor-widget-wrap elementor-element-populated\">\n\t\t\t\t\t\t<div class=\"elementor-element elementor-element-486ae10 elementor-align-center elementor-widget elementor-widget-button\" data-id=\"486ae10\" data-element_type=\"widget\" data-widget_type=\"button.default\">\n\t\t\t\t<div class=\"elementor-widget-container\">\n\t\t\t\t\t\t\t\t\t<div class=\"elementor-button-wrapper\">\n\t\t\t\t\t<a class=\"elementor-button elementor-button-link elementor-size-sm\" href=\"https:\/\/maps.app.goo.gl\/JdUpn8BZHYU2BWaR8\">\n\t\t\t\t\t\t<span class=\"elementor-button-content-wrapper\">\n\t\t\t\t\t\t\t\t\t<span class=\"elementor-button-text\">Visite virtuelle<\/span>\n\t\t\t\t\t<\/span>\n\t\t\t\t\t<\/a>\n\t\t\t\t<\/div>\n\t\t\t\t\t\t\t\t<\/div>\n\t\t\t\t<\/div>\n\t\t\t\t\t<\/div>\n\t\t<\/div>\n\t\t\t\t\t<\/div>\n\t\t<\/section>\n\t\t\t\t<section class=\"elementor-section elementor-top-section elementor-element elementor-element-492330b elementor-section-boxed elementor-section-height-default elementor-section-height-default\" data-id=\"492330b\" data-element_type=\"section\">\n\t\t\t\t\t\t<div class=\"elementor-container elementor-column-gap-default\">\n\t\t\t\t\t<div class=\"elementor-column elementor-col-100 elementor-top-column elementor-element elementor-element-7f3ae7f\" data-id=\"7f3ae7f\" data-element_type=\"column\">\n\t\t\t<div class=\"elementor-widget-wrap elementor-element-populated\">\n\t\t\t\t\t\t<div class=\"elementor-element elementor-element-155f844 elementor-widget elementor-widget-image\" data-id=\"155f844\" data-element_type=\"widget\" data-widget_type=\"image.default\">\n\t\t\t\t<div class=\"elementor-widget-container\">\n\t\t\t\t\t\t\t\t\t\t\t\t\t\t\t<img fetchpriority=\"high\" decoding=\"async\" width=\"1024\" height=\"608\" src=\"https:\/\/umerestaurant.ch\/epalinges\/wp-content\/uploads\/2019\/09\/salle-1024x608.jpg\" class=\"attachment-large size-large wp-image-71\" alt=\"\" srcset=\"https:\/\/umerestaurant.ch\/epalinges\/wp-content\/uploads\/2019\/09\/salle-1024x608.jpg 1024w, https:\/\/umerestaurant.ch\/epalinges\/wp-content\/uploads\/2019\/09\/salle-300x178.jpg 300w, https:\/\/umerestaurant.ch\/epalinges\/wp-content\/uploads\/2019\/09\/salle-768x456.jpg 768w, https:\/\/umerestaurant.ch\/epalinges\/wp-content\/uploads\/2019\/09\/salle.jpg 1920w\" sizes=\"(max-width: 1024px) 100vw, 1024px\" \/>\t\t\t\t\t\t\t\t\t\t\t\t\t\t\t<\/div>\n\t\t\t\t<\/div>\n\t\t\t\t\t<\/div>\n\t\t<\/div>\n\t\t\t\t\t<\/div>\n\t\t<\/section>\n\t\t\t\t<\/div>\n\t\t","protected":false},"excerpt":{"rendered":"<p>Suite au succ\u00e8s rencontr\u00e9 par le restaurant UME \u00e0 Chexbres, ouvert en 2012, nous avons le plaisir d&rsquo;annoncer l&rsquo;ouverture de notre deuxi\u00e8me restaurant \u00e0 Epalinges, route de Berne 285. Situ\u00e9 \u00e0 quelques minutes de l&rsquo;Ecole h\u00f4teli\u00e8re de Lausanne (EHL), le restaurant est \u00e9galement accessible avec&nbsp;<a class=\"read-more\" href=\"https:\/\/umerestaurant.ch\/epalinges\/\">&hellip;<\/a><\/p>\n","protected":false},"author":1,"featured_media":0,"parent":0,"menu_order":0,"comment_status":"closed","ping_status":"closed","template":"","meta":{"footnotes":""},"class_list":["post-2","page","type-page","status-publish","hentry"],"yoast_head":"<!-- This site is optimized with the Yoast SEO plugin v26.2 - https:\/\/yoast.com\/wordpress\/plugins\/seo\/ -->\n<title>Restaurant UME - Epalinges - Sushis &amp; cuisine asiatique<\/title>\n<meta name=\"description\" content=\"Nouveau restaurant japonais \u00e0 Epalinges ouvert en septembre 2019, Sushis et cuisine asiatique dans un cadre moderne avec wifi, terrasse et parking priv\u00e9.\" \/>\n<meta name=\"robots\" content=\"index, follow, max-snippet:-1, max-image-preview:large, max-video-preview:-1\" \/>\n<link rel=\"canonical\" href=\"https:\/\/umerestaurant.ch\/epalinges\/\" \/>\n<meta property=\"og:locale\" content=\"fr_FR\" \/>\n<meta property=\"og:type\" content=\"article\" \/>\n<meta property=\"og:title\" content=\"Restaurant UME - Epalinges - Sushis &amp; cuisine asiatique\" \/>\n<meta property=\"og:description\" content=\"Nouveau restaurant japonais \u00e0 Epalinges ouvert en septembre 2019, Sushis et cuisine asiatique dans un cadre moderne avec wifi, terrasse et parking priv\u00e9.\" \/>\n<meta property=\"og:url\" content=\"https:\/\/umerestaurant.ch\/epalinges\/\" \/>\n<meta property=\"og:site_name\" content=\"Restaurant UME - Epalinges\" \/>\n<meta property=\"article:modified_time\" content=\"2025-12-28T19:09:30+00:00\" \/>\n<meta property=\"og:image\" content=\"https:\/\/umerestaurant.ch\/epalinges\/wp-content\/uploads\/2019\/09\/salle.jpg\" \/>\n\t<meta property=\"og:image:width\" content=\"1920\" \/>\n\t<meta property=\"og:image:height\" content=\"1140\" \/>\n\t<meta property=\"og:image:type\" content=\"image\/jpeg\" \/>\n<meta name=\"twitter:card\" content=\"summary_large_image\" \/>\n<meta name=\"twitter:label1\" content=\"Dur\u00e9e de lecture estim\u00e9e\" \/>\n\t<meta name=\"twitter:data1\" content=\"1 minute\" \/>\n<script type=\"application\/ld+json\" class=\"yoast-schema-graph\">{\"@context\":\"https:\/\/schema.org\",\"@graph\":[{\"@type\":\"WebPage\",\"@id\":\"https:\/\/umerestaurant.ch\/epalinges\/\",\"url\":\"https:\/\/umerestaurant.ch\/epalinges\/\",\"name\":\"Restaurant UME - Epalinges - Sushis & cuisine asiatique\",\"isPartOf\":{\"@id\":\"https:\/\/umerestaurant.ch\/epalinges\/#website\"},\"primaryImageOfPage\":{\"@id\":\"https:\/\/umerestaurant.ch\/epalinges\/#primaryimage\"},\"image\":{\"@id\":\"https:\/\/umerestaurant.ch\/epalinges\/#primaryimage\"},\"thumbnailUrl\":\"https:\/\/umerestaurant.ch\/epalinges\/wp-content\/uploads\/2019\/09\/salle-1024x608.jpg\",\"datePublished\":\"2019-09-09T21:07:57+00:00\",\"dateModified\":\"2025-12-28T19:09:30+00:00\",\"description\":\"Nouveau restaurant japonais \u00e0 Epalinges ouvert en septembre 2019, Sushis et cuisine asiatique dans un cadre moderne avec wifi, terrasse et parking priv\u00e9.\",\"breadcrumb\":{\"@id\":\"https:\/\/umerestaurant.ch\/epalinges\/#breadcrumb\"},\"inLanguage\":\"fr-FR\",\"potentialAction\":[{\"@type\":\"ReadAction\",\"target\":[\"https:\/\/umerestaurant.ch\/epalinges\/\"]}]},{\"@type\":\"ImageObject\",\"inLanguage\":\"fr-FR\",\"@id\":\"https:\/\/umerestaurant.ch\/epalinges\/#primaryimage\",\"url\":\"https:\/\/umerestaurant.ch\/epalinges\/wp-content\/uploads\/2019\/09\/salle.jpg\",\"contentUrl\":\"https:\/\/umerestaurant.ch\/epalinges\/wp-content\/uploads\/2019\/09\/salle.jpg\",\"width\":1920,\"height\":1140},{\"@type\":\"BreadcrumbList\",\"@id\":\"https:\/\/umerestaurant.ch\/epalinges\/#breadcrumb\",\"itemListElement\":[{\"@type\":\"ListItem\",\"position\":1,\"name\":\"Accueil\",\"item\":\"https:\/\/umerestaurant.ch\/epalinges\/\"},{\"@type\":\"ListItem\",\"position\":2,\"name\":\"&nbsp;\"}]},{\"@type\":\"WebSite\",\"@id\":\"https:\/\/umerestaurant.ch\/epalinges\/#website\",\"url\":\"https:\/\/umerestaurant.ch\/epalinges\/\",\"name\":\"Restaurant UME - Epalinges\",\"description\":\"Sushi, cuisine japonaise &amp; asiatique\",\"potentialAction\":[{\"@type\":\"SearchAction\",\"target\":{\"@type\":\"EntryPoint\",\"urlTemplate\":\"https:\/\/umerestaurant.ch\/epalinges\/?s={search_term_string}\"},\"query-input\":{\"@type\":\"PropertyValueSpecification\",\"valueRequired\":true,\"valueName\":\"search_term_string\"}}],\"inLanguage\":\"fr-FR\"}]}<\/script>\n<!-- \/ Yoast SEO plugin. -->","yoast_head_json":{"title":"Restaurant UME - Epalinges - Sushis & cuisine asiatique","description":"Nouveau restaurant japonais \u00e0 Epalinges ouvert en septembre 2019, Sushis et cuisine asiatique dans un cadre moderne avec wifi, terrasse et parking priv\u00e9.","robots":{"index":"index","follow":"follow","max-snippet":"max-snippet:-1","max-image-preview":"max-image-preview:large","max-video-preview":"max-video-preview:-1"},"canonical":"https:\/\/umerestaurant.ch\/epalinges\/","og_locale":"fr_FR","og_type":"article","og_title":"Restaurant UME - Epalinges - Sushis & cuisine asiatique","og_description":"Nouveau restaurant japonais \u00e0 Epalinges ouvert en septembre 2019, Sushis et cuisine asiatique dans un cadre moderne avec wifi, terrasse et parking priv\u00e9.","og_url":"https:\/\/umerestaurant.ch\/epalinges\/","og_site_name":"Restaurant UME - Epalinges","article_modified_time":"2025-12-28T19:09:30+00:00","og_image":[{"width":1920,"height":1140,"url":"https:\/\/umerestaurant.ch\/epalinges\/wp-content\/uploads\/2019\/09\/salle.jpg","type":"image\/jpeg"}],"twitter_card":"summary_large_image","twitter_misc":{"Dur\u00e9e de lecture estim\u00e9e":"1 minute"},"schema":{"@context":"https:\/\/schema.org","@graph":[{"@type":"WebPage","@id":"https:\/\/umerestaurant.ch\/epalinges\/","url":"https:\/\/umerestaurant.ch\/epalinges\/","name":"Restaurant UME - Epalinges - Sushis & cuisine asiatique","isPartOf":{"@id":"https:\/\/umerestaurant.ch\/epalinges\/#website"},"primaryImageOfPage":{"@id":"https:\/\/umerestaurant.ch\/epalinges\/#primaryimage"},"image":{"@id":"https:\/\/umerestaurant.ch\/epalinges\/#primaryimage"},"thumbnailUrl":"https:\/\/umerestaurant.ch\/epalinges\/wp-content\/uploads\/2019\/09\/salle-1024x608.jpg","datePublished":"2019-09-09T21:07:57+00:00","dateModified":"2025-12-28T19:09:30+00:00","description":"Nouveau restaurant japonais \u00e0 Epalinges ouvert en septembre 2019, Sushis et cuisine asiatique dans un cadre moderne avec wifi, terrasse et parking priv\u00e9.","breadcrumb":{"@id":"https:\/\/umerestaurant.ch\/epalinges\/#breadcrumb"},"inLanguage":"fr-FR","potentialAction":[{"@type":"ReadAction","target":["https:\/\/umerestaurant.ch\/epalinges\/"]}]},{"@type":"ImageObject","inLanguage":"fr-FR","@id":"https:\/\/umerestaurant.ch\/epalinges\/#primaryimage","url":"https:\/\/umerestaurant.ch\/epalinges\/wp-content\/uploads\/2019\/09\/salle.jpg","contentUrl":"https:\/\/umerestaurant.ch\/epalinges\/wp-content\/uploads\/2019\/09\/salle.jpg","width":1920,"height":1140},{"@type":"BreadcrumbList","@id":"https:\/\/umerestaurant.ch\/epalinges\/#breadcrumb","itemListElement":[{"@type":"ListItem","position":1,"name":"Accueil","item":"https:\/\/umerestaurant.ch\/epalinges\/"},{"@type":"ListItem","position":2,"name":"&nbsp;"}]},{"@type":"WebSite","@id":"https:\/\/umerestaurant.ch\/epalinges\/#website","url":"https:\/\/umerestaurant.ch\/epalinges\/","name":"Restaurant UME - Epalinges","description":"Sushi, cuisine japonaise &amp; asiatique","potentialAction":[{"@type":"SearchAction","target":{"@type":"EntryPoint","urlTemplate":"https:\/\/umerestaurant.ch\/epalinges\/?s={search_term_string}"},"query-input":{"@type":"PropertyValueSpecification","valueRequired":true,"valueName":"search_term_string"}}],"inLanguage":"fr-FR"}]}},"jetpack_sharing_enabled":true,"_links":{"self":[{"href":"https:\/\/umerestaurant.ch\/epalinges\/wp-json\/wp\/v2\/pages\/2","targetHints":{"allow":["GET"]}}],"collection":[{"href":"https:\/\/umerestaurant.ch\/epalinges\/wp-json\/wp\/v2\/pages"}],"about":[{"href":"https:\/\/umerestaurant.ch\/epalinges\/wp-json\/wp\/v2\/types\/page"}],"author":[{"embeddable":true,"href":"https:\/\/umerestaurant.ch\/epalinges\/wp-json\/wp\/v2\/users\/1"}],"replies":[{"embeddable":true,"href":"https:\/\/umerestaurant.ch\/epalinges\/wp-json\/wp\/v2\/comments?post=2"}],"version-history":[{"count":156,"href":"https:\/\/umerestaurant.ch\/epalinges\/wp-json\/wp\/v2\/pages\/2\/revisions"}],"predecessor-version":[{"id":1501,"href":"https:\/\/umerestaurant.ch\/epalinges\/wp-json\/wp\/v2\/pages\/2\/revisions\/1501"}],"wp:attachment":[{"href":"https:\/\/umerestaurant.ch\/epalinges\/wp-json\/wp\/v2\/media?parent=2"}],"curies":[{"name":"wp","href":"https:\/\/api.w.org\/{rel}","templated":true}]}}