{"id":100,"date":"2019-09-15T19:50:20","date_gmt":"2019-09-15T17:50:20","guid":{"rendered":"https:\/\/umerestaurant.ch\/epalinges\/?page_id=100"},"modified":"2025-01-05T00:08:02","modified_gmt":"2025-01-04T23:08:02","slug":"traiteur","status":"publish","type":"page","link":"https:\/\/umerestaurant.ch\/epalinges\/traiteur\/","title":{"rendered":"&nbsp;"},"content":{"rendered":"\t\t<div data-elementor-type=\"wp-post\" data-elementor-id=\"100\" class=\"elementor elementor-100\">\n\t\t\t\t\t\t<section class=\"elementor-section elementor-top-section elementor-element elementor-element-92e0f26 elementor-section-boxed elementor-section-height-default elementor-section-height-default\" data-id=\"92e0f26\" data-element_type=\"section\">\n\t\t\t\t\t\t<div class=\"elementor-container elementor-column-gap-default\">\n\t\t\t\t\t<div class=\"elementor-column elementor-col-100 elementor-top-column elementor-element elementor-element-2bdbad6\" data-id=\"2bdbad6\" data-element_type=\"column\">\n\t\t\t<div class=\"elementor-widget-wrap elementor-element-populated\">\n\t\t\t\t\t\t\t<\/div>\n\t\t<\/div>\n\t\t\t\t\t<\/div>\n\t\t<\/section>\n\t\t\t\t<section class=\"elementor-section elementor-top-section elementor-element elementor-element-5107a4d elementor-section-boxed elementor-section-height-default elementor-section-height-default\" data-id=\"5107a4d\" data-element_type=\"section\">\n\t\t\t\t\t\t<div class=\"elementor-container elementor-column-gap-default\">\n\t\t\t\t\t<div class=\"elementor-column elementor-col-50 elementor-top-column elementor-element elementor-element-de2f02c\" data-id=\"de2f02c\" data-element_type=\"column\">\n\t\t\t<div class=\"elementor-widget-wrap elementor-element-populated\">\n\t\t\t\t\t\t<div class=\"elementor-element elementor-element-ba5bee1 elementor-widget elementor-widget-text-editor\" data-id=\"ba5bee1\" data-element_type=\"widget\" data-widget_type=\"text-editor.default\">\n\t\t\t\t<div class=\"elementor-widget-container\">\n\t\t\t\t\t\t\t\t\t<p>Le restaurant UME vous propose son service traiteur pour votre mariage, r\u00e9ception, anniversaire, r\u00e9union d\u2019entreprise ou toutes autres occasions, vous pouvez compter sur un service professionnel de qualit\u00e9.<\/p><p>\u00a0<\/p><p>T\u00e9l\u00e9phonez nous au\u00a0<strong>+41 21 784 18 80\u00a0<\/strong>pour tout renseignements compl\u00e9mentaires.<\/p>\t\t\t\t\t\t\t\t<\/div>\n\t\t\t\t<\/div>\n\t\t\t\t\t<\/div>\n\t\t<\/div>\n\t\t\t\t<div class=\"elementor-column elementor-col-50 elementor-top-column elementor-element elementor-element-e3658ba\" data-id=\"e3658ba\" data-element_type=\"column\">\n\t\t\t<div class=\"elementor-widget-wrap elementor-element-populated\">\n\t\t\t\t\t\t<div class=\"elementor-element elementor-element-163d3bf elementor-widget elementor-widget-image\" data-id=\"163d3bf\" data-element_type=\"widget\" data-widget_type=\"image.default\">\n\t\t\t\t<div class=\"elementor-widget-container\">\n\t\t\t\t\t\t\t\t\t\t\t\t\t\t\t<img fetchpriority=\"high\" decoding=\"async\" width=\"1024\" height=\"683\" src=\"https:\/\/umerestaurant.ch\/epalinges\/wp-content\/uploads\/2019\/09\/chafingdish_1024x683-1024x683.jpg\" class=\"attachment-large size-large wp-image-103\" alt=\"\" srcset=\"https:\/\/umerestaurant.ch\/epalinges\/wp-content\/uploads\/2019\/09\/chafingdish_1024x683.jpg 1024w, https:\/\/umerestaurant.ch\/epalinges\/wp-content\/uploads\/2019\/09\/chafingdish_1024x683-300x200.jpg 300w, https:\/\/umerestaurant.ch\/epalinges\/wp-content\/uploads\/2019\/09\/chafingdish_1024x683-768x512.jpg 768w\" sizes=\"(max-width: 1024px) 100vw, 1024px\" \/>\t\t\t\t\t\t\t\t\t\t\t\t\t\t\t<\/div>\n\t\t\t\t<\/div>\n\t\t\t\t\t<\/div>\n\t\t<\/div>\n\t\t\t\t\t<\/div>\n\t\t<\/section>\n\t\t\t\t<section class=\"elementor-section elementor-top-section elementor-element elementor-element-10af3fc elementor-section-boxed elementor-section-height-default elementor-section-height-default\" data-id=\"10af3fc\" data-element_type=\"section\">\n\t\t\t\t\t\t<div class=\"elementor-container elementor-column-gap-default\">\n\t\t\t\t\t<div class=\"elementor-column elementor-col-100 elementor-top-column elementor-element elementor-element-305d911\" data-id=\"305d911\" data-element_type=\"column\">\n\t\t\t<div class=\"elementor-widget-wrap elementor-element-populated\">\n\t\t\t\t\t\t<div class=\"elementor-element elementor-element-4cce06d elementor-widget elementor-widget-image\" data-id=\"4cce06d\" data-element_type=\"widget\" data-widget_type=\"image.default\">\n\t\t\t\t<div class=\"elementor-widget-container\">\n\t\t\t\t\t\t\t\t\t\t\t\t\t\t\t<img decoding=\"async\" width=\"570\" height=\"380\" src=\"https:\/\/umerestaurant.ch\/epalinges\/wp-content\/uploads\/2019\/09\/sushi2.jpg\" class=\"attachment-large size-large wp-image-136\" alt=\"\" srcset=\"https:\/\/umerestaurant.ch\/epalinges\/wp-content\/uploads\/2019\/09\/sushi2.jpg 570w, https:\/\/umerestaurant.ch\/epalinges\/wp-content\/uploads\/2019\/09\/sushi2-300x200.jpg 300w\" sizes=\"(max-width: 570px) 100vw, 570px\" \/>\t\t\t\t\t\t\t\t\t\t\t\t\t\t\t<\/div>\n\t\t\t\t<\/div>\n\t\t\t\t\t<\/div>\n\t\t<\/div>\n\t\t\t\t\t<\/div>\n\t\t<\/section>\n\t\t\t\t<\/div>\n\t\t","protected":false},"excerpt":{"rendered":"<p>Le restaurant UME vous propose son service traiteur pour votre mariage, r\u00e9ception, anniversaire, r\u00e9union d\u2019entreprise ou toutes autres occasions, vous pouvez compter sur un service professionnel de qualit\u00e9. T\u00e9l\u00e9phonez nous au&nbsp;+41 21 784 18 80&nbsp;pour tout renseignements compl\u00e9mentaires.<\/p>\n","protected":false},"author":1,"featured_media":0,"parent":0,"menu_order":0,"comment_status":"closed","ping_status":"closed","template":"","meta":{"footnotes":""},"class_list":["post-100","page","type-page","status-publish","hentry"],"yoast_head":"<!-- This site is optimized with the Yoast SEO plugin v26.2 - https:\/\/yoast.com\/wordpress\/plugins\/seo\/ -->\n<title>&nbsp; - Restaurant UME - Epalinges<\/title>\n<meta name=\"robots\" content=\"index, follow, max-snippet:-1, max-image-preview:large, max-video-preview:-1\" \/>\n<link rel=\"canonical\" href=\"https:\/\/umerestaurant.ch\/epalinges\/traiteur\/\" \/>\n<meta property=\"og:locale\" content=\"fr_FR\" \/>\n<meta property=\"og:type\" content=\"article\" \/>\n<meta property=\"og:title\" content=\"&nbsp; - Restaurant UME - Epalinges\" \/>\n<meta property=\"og:description\" content=\"Le restaurant UME vous propose son service traiteur pour votre mariage, r\u00e9ception, anniversaire, r\u00e9union d\u2019entreprise ou toutes autres occasions, vous pouvez compter sur un service professionnel de qualit\u00e9. T\u00e9l\u00e9phonez nous au&nbsp;+41 21 784 18 80&nbsp;pour tout renseignements compl\u00e9mentaires.\" \/>\n<meta property=\"og:url\" content=\"https:\/\/umerestaurant.ch\/epalinges\/traiteur\/\" \/>\n<meta property=\"og:site_name\" content=\"Restaurant UME - Epalinges\" \/>\n<meta property=\"article:modified_time\" content=\"2025-01-04T23:08:02+00:00\" \/>\n<meta property=\"og:image\" content=\"https:\/\/umerestaurant.ch\/epalinges\/wp-content\/uploads\/2019\/09\/chafingdish_1024x683.jpg\" \/>\n\t<meta property=\"og:image:width\" content=\"1024\" \/>\n\t<meta property=\"og:image:height\" content=\"683\" \/>\n\t<meta property=\"og:image:type\" content=\"image\/jpeg\" \/>\n<meta name=\"twitter:card\" content=\"summary_large_image\" \/>\n<script type=\"application\/ld+json\" class=\"yoast-schema-graph\">{\"@context\":\"https:\/\/schema.org\",\"@graph\":[{\"@type\":\"WebPage\",\"@id\":\"https:\/\/umerestaurant.ch\/epalinges\/traiteur\/\",\"url\":\"https:\/\/umerestaurant.ch\/epalinges\/traiteur\/\",\"name\":\"&nbsp; - Restaurant UME - Epalinges\",\"isPartOf\":{\"@id\":\"https:\/\/umerestaurant.ch\/epalinges\/#website\"},\"primaryImageOfPage\":{\"@id\":\"https:\/\/umerestaurant.ch\/epalinges\/traiteur\/#primaryimage\"},\"image\":{\"@id\":\"https:\/\/umerestaurant.ch\/epalinges\/traiteur\/#primaryimage\"},\"thumbnailUrl\":\"https:\/\/umerestaurant.ch\/epalinges\/wp-content\/uploads\/2019\/09\/chafingdish_1024x683-1024x683.jpg\",\"datePublished\":\"2019-09-15T17:50:20+00:00\",\"dateModified\":\"2025-01-04T23:08:02+00:00\",\"breadcrumb\":{\"@id\":\"https:\/\/umerestaurant.ch\/epalinges\/traiteur\/#breadcrumb\"},\"inLanguage\":\"fr-FR\",\"potentialAction\":[{\"@type\":\"ReadAction\",\"target\":[\"https:\/\/umerestaurant.ch\/epalinges\/traiteur\/\"]}]},{\"@type\":\"ImageObject\",\"inLanguage\":\"fr-FR\",\"@id\":\"https:\/\/umerestaurant.ch\/epalinges\/traiteur\/#primaryimage\",\"url\":\"https:\/\/umerestaurant.ch\/epalinges\/wp-content\/uploads\/2019\/09\/chafingdish_1024x683.jpg\",\"contentUrl\":\"https:\/\/umerestaurant.ch\/epalinges\/wp-content\/uploads\/2019\/09\/chafingdish_1024x683.jpg\",\"width\":1024,\"height\":683},{\"@type\":\"BreadcrumbList\",\"@id\":\"https:\/\/umerestaurant.ch\/epalinges\/traiteur\/#breadcrumb\",\"itemListElement\":[{\"@type\":\"ListItem\",\"position\":1,\"name\":\"Accueil\",\"item\":\"https:\/\/umerestaurant.ch\/epalinges\/\"},{\"@type\":\"ListItem\",\"position\":2,\"name\":\"&nbsp;\"}]},{\"@type\":\"WebSite\",\"@id\":\"https:\/\/umerestaurant.ch\/epalinges\/#website\",\"url\":\"https:\/\/umerestaurant.ch\/epalinges\/\",\"name\":\"Restaurant UME - Epalinges\",\"description\":\"Sushi, cuisine japonaise &amp; asiatique\",\"potentialAction\":[{\"@type\":\"SearchAction\",\"target\":{\"@type\":\"EntryPoint\",\"urlTemplate\":\"https:\/\/umerestaurant.ch\/epalinges\/?s={search_term_string}\"},\"query-input\":{\"@type\":\"PropertyValueSpecification\",\"valueRequired\":true,\"valueName\":\"search_term_string\"}}],\"inLanguage\":\"fr-FR\"}]}<\/script>\n<!-- \/ Yoast SEO plugin. -->","yoast_head_json":{"title":"&nbsp; - Restaurant UME - Epalinges","robots":{"index":"index","follow":"follow","max-snippet":"max-snippet:-1","max-image-preview":"max-image-preview:large","max-video-preview":"max-video-preview:-1"},"canonical":"https:\/\/umerestaurant.ch\/epalinges\/traiteur\/","og_locale":"fr_FR","og_type":"article","og_title":"&nbsp; - Restaurant UME - Epalinges","og_description":"Le restaurant UME vous propose son service traiteur pour votre mariage, r\u00e9ception, anniversaire, r\u00e9union d\u2019entreprise ou toutes autres occasions, vous pouvez compter sur un service professionnel de qualit\u00e9. T\u00e9l\u00e9phonez nous au&nbsp;+41 21 784 18 80&nbsp;pour tout renseignements compl\u00e9mentaires.","og_url":"https:\/\/umerestaurant.ch\/epalinges\/traiteur\/","og_site_name":"Restaurant UME - Epalinges","article_modified_time":"2025-01-04T23:08:02+00:00","og_image":[{"width":1024,"height":683,"url":"https:\/\/umerestaurant.ch\/epalinges\/wp-content\/uploads\/2019\/09\/chafingdish_1024x683.jpg","type":"image\/jpeg"}],"twitter_card":"summary_large_image","schema":{"@context":"https:\/\/schema.org","@graph":[{"@type":"WebPage","@id":"https:\/\/umerestaurant.ch\/epalinges\/traiteur\/","url":"https:\/\/umerestaurant.ch\/epalinges\/traiteur\/","name":"&nbsp; - Restaurant UME - Epalinges","isPartOf":{"@id":"https:\/\/umerestaurant.ch\/epalinges\/#website"},"primaryImageOfPage":{"@id":"https:\/\/umerestaurant.ch\/epalinges\/traiteur\/#primaryimage"},"image":{"@id":"https:\/\/umerestaurant.ch\/epalinges\/traiteur\/#primaryimage"},"thumbnailUrl":"https:\/\/umerestaurant.ch\/epalinges\/wp-content\/uploads\/2019\/09\/chafingdish_1024x683-1024x683.jpg","datePublished":"2019-09-15T17:50:20+00:00","dateModified":"2025-01-04T23:08:02+00:00","breadcrumb":{"@id":"https:\/\/umerestaurant.ch\/epalinges\/traiteur\/#breadcrumb"},"inLanguage":"fr-FR","potentialAction":[{"@type":"ReadAction","target":["https:\/\/umerestaurant.ch\/epalinges\/traiteur\/"]}]},{"@type":"ImageObject","inLanguage":"fr-FR","@id":"https:\/\/umerestaurant.ch\/epalinges\/traiteur\/#primaryimage","url":"https:\/\/umerestaurant.ch\/epalinges\/wp-content\/uploads\/2019\/09\/chafingdish_1024x683.jpg","contentUrl":"https:\/\/umerestaurant.ch\/epalinges\/wp-content\/uploads\/2019\/09\/chafingdish_1024x683.jpg","width":1024,"height":683},{"@type":"BreadcrumbList","@id":"https:\/\/umerestaurant.ch\/epalinges\/traiteur\/#breadcrumb","itemListElement":[{"@type":"ListItem","position":1,"name":"Accueil","item":"https:\/\/umerestaurant.ch\/epalinges\/"},{"@type":"ListItem","position":2,"name":"&nbsp;"}]},{"@type":"WebSite","@id":"https:\/\/umerestaurant.ch\/epalinges\/#website","url":"https:\/\/umerestaurant.ch\/epalinges\/","name":"Restaurant UME - Epalinges","description":"Sushi, cuisine japonaise &amp; asiatique","potentialAction":[{"@type":"SearchAction","target":{"@type":"EntryPoint","urlTemplate":"https:\/\/umerestaurant.ch\/epalinges\/?s={search_term_string}"},"query-input":{"@type":"PropertyValueSpecification","valueRequired":true,"valueName":"search_term_string"}}],"inLanguage":"fr-FR"}]}},"jetpack_sharing_enabled":true,"_links":{"self":[{"href":"https:\/\/umerestaurant.ch\/epalinges\/wp-json\/wp\/v2\/pages\/100","targetHints":{"allow":["GET"]}}],"collection":[{"href":"https:\/\/umerestaurant.ch\/epalinges\/wp-json\/wp\/v2\/pages"}],"about":[{"href":"https:\/\/umerestaurant.ch\/epalinges\/wp-json\/wp\/v2\/types\/page"}],"author":[{"embeddable":true,"href":"https:\/\/umerestaurant.ch\/epalinges\/wp-json\/wp\/v2\/users\/1"}],"replies":[{"embeddable":true,"href":"https:\/\/umerestaurant.ch\/epalinges\/wp-json\/wp\/v2\/comments?post=100"}],"version-history":[{"count":8,"href":"https:\/\/umerestaurant.ch\/epalinges\/wp-json\/wp\/v2\/pages\/100\/revisions"}],"predecessor-version":[{"id":267,"href":"https:\/\/umerestaurant.ch\/epalinges\/wp-json\/wp\/v2\/pages\/100\/revisions\/267"}],"wp:attachment":[{"href":"https:\/\/umerestaurant.ch\/epalinges\/wp-json\/wp\/v2\/media?parent=100"}],"curies":[{"name":"wp","href":"https:\/\/api.w.org\/{rel}","templated":true}]}}